{"id":1569,"date":"2023-03-03T11:30:56","date_gmt":"2023-03-03T11:30:56","guid":{"rendered":"https:\/\/google-workspace.eu\/?page_id=1569"},"modified":"2023-08-03T08:54:24","modified_gmt":"2023-08-03T08:54:24","slug":"impresszum","status":"publish","type":"page","link":"https:\/\/google-workspace.eu\/en\/impresszum\/","title":{"rendered":"Impressum"},"content":{"rendered":"<div data-elementor-type=\"wp-page\" data-elementor-id=\"1569\" class=\"elementor elementor-1569\">\n\t\t\t\t\t\t<section class=\"elementor-section elementor-top-section elementor-element elementor-element-b0c09ab elementor-section-boxed elementor-section-height-default elementor-section-height-default\" data-id=\"b0c09ab\" data-element_type=\"section\" data-e-type=\"section\">\n\t\t\t\t\t\t<div class=\"elementor-container elementor-column-gap-default\">\n\t\t\t\t\t<div class=\"elementor-column elementor-col-100 elementor-top-column elementor-element elementor-element-75c82da\" data-id=\"75c82da\" data-element_type=\"column\" data-e-type=\"column\">\n\t\t\t<div class=\"elementor-widget-wrap elementor-element-populated\">\n\t\t\t\t\t\t<div class=\"elementor-element elementor-element-384f8d7 elementor-widget elementor-widget-heading\" data-id=\"384f8d7\" data-element_type=\"widget\" data-e-type=\"widget\" data-widget_type=\"heading.default\">\n\t\t\t\t<div class=\"elementor-widget-container\">\n\t\t\t\t\t<h2 class=\"elementor-heading-title elementor-size-default\">Impressum<\/h2>\t\t\t\t<\/div>\n\t\t\t\t<\/div>\n\t\t\t\t\t<\/div>\n\t\t<\/div>\n\t\t\t\t\t<\/div>\n\t\t<\/section>\n\t\t\t\t<section class=\"elementor-section elementor-top-section elementor-element elementor-element-4d8c4e8 elementor-section-boxed elementor-section-height-default elementor-section-height-default\" data-id=\"4d8c4e8\" data-element_type=\"section\" data-e-type=\"section\">\n\t\t\t\t\t\t<div class=\"elementor-container elementor-column-gap-default\">\n\t\t\t\t\t<div class=\"elementor-column elementor-col-100 elementor-top-column elementor-element elementor-element-f540098\" data-id=\"f540098\" data-element_type=\"column\" data-e-type=\"column\">\n\t\t\t<div class=\"elementor-widget-wrap elementor-element-populated\">\n\t\t\t\t\t\t<div class=\"elementor-element elementor-element-8c3c59d elementor-widget elementor-widget-text-editor\" data-id=\"8c3c59d\" data-element_type=\"widget\" data-e-type=\"widget\" data-widget_type=\"text-editor.default\">\n\t\t\t\t<div class=\"elementor-widget-container\">\n\t\t\t\t\t\t\t\t\t<p><strong><span style=\"text-decoration: underline;\">Contact<\/span><\/strong><\/p><p>Tibor Szopko +36 70 513 7720<br \/>managing director<\/p><p>Zsolt Bagi +36 20 802 3131<br \/>managing director<\/p><p>Laszlo Szegedi +36 70 600 9620<br \/>Google, IT sales<\/p><p>Ilona Erdei +36 70 600 9661<br \/>Tenders<\/p><p><strong><span style=\"text-decoration: underline;\">Email address<\/span><\/strong><\/p><p><a href=\"mailto:info@digitalcompass.hu\">info@digitalcompass.hu<\/a><\/p><p><strong><span style=\"text-decoration: underline;\">Headquarters<\/span><\/strong><\/p><p>B\u00f6sz\u00f6rm\u00e9nyi way 68\/M. 5\/20. Debrecen Hajdu-Bihar Hungary<\/p><p><strong><span style=\"text-decoration: underline;\">Google Reseller ID: C01b9fug0<\/span><\/strong><\/p><p><strong>Operator of the site: Octo-Genesis K\u00e9pz\u00e9sszervez\u0151 \u00e9s Oktat\u00e1si Korl\u00e1tolt felel\u0151ss\u00e9g\u0171 T\u00e1rsas\u00e1g<\/strong><br \/><strong>Headquarters<\/strong> B\u00f6sz\u00f6rm\u00e9nyi way 68\/M. 5\/20. Debrecen Hajdu-Bihar Hungary<br \/><strong>Mailing Address: 4032 Debrecen, B\u00f6sz\u00f6rm\u00e9nyi \u00fat 68\/M. 5. em. 20.<\/strong><br \/><strong>Phone number:<\/strong> +36 70 600 9620<\/p><p><strong><span style=\"text-decoration: underline;\">Web page<\/span>:<\/strong><\/p><p><a href=\"https:\/\/digitalcompass.hu\" target=\"_blank\" rel=\"noopener\">https:\/\/digitalcompass.hu<\/a><\/p><p><a href=\"https:\/\/google-workspace.eu\/en\/\">https:\/\/google-workspace.eu<\/a><br \/><strong>Tax Number: 26764629-2-09<br \/><\/strong><strong>Company registration number: 09-09-030799<\/strong><\/p><p><strong>Data of the hosting provider<\/strong> : NLG-System Bt.<br \/>Address: 2135 Cs\u00f6r\u00f6g,Homokb\u00e1nya u. 26.<br \/>Server room: 1132 Budapest,Victor Hug\u00f3 utca 18-22.<\/p>\t\t\t\t\t\t\t\t<\/div>\n\t\t\t\t<\/div>\n\t\t\t\t\t<\/div>\n\t\t<\/div>\n\t\t\t\t\t<\/div>\n\t\t<\/section>\n\t\t\t\t<section class=\"elementor-section elementor-top-section elementor-element elementor-element-3535324 elementor-section-boxed elementor-section-height-default elementor-section-height-default\" data-id=\"3535324\" data-element_type=\"section\" data-e-type=\"section\">\n\t\t\t\t\t\t<div class=\"elementor-container elementor-column-gap-default\">\n\t\t\t\t\t<div class=\"elementor-column elementor-col-100 elementor-top-column elementor-element elementor-element-9f0d44a\" data-id=\"9f0d44a\" data-element_type=\"column\" data-e-type=\"column\">\n\t\t\t<div class=\"elementor-widget-wrap elementor-element-populated\">\n\t\t\t\t\t\t<div class=\"elementor-element elementor-element-b88e89c elementor-widget elementor-widget-google_maps\" data-id=\"b88e89c\" data-element_type=\"widget\" data-e-type=\"widget\" data-widget_type=\"google_maps.default\">\n\t\t\t\t<div class=\"elementor-widget-container\">\n\t\t\t\t\t\t\t<div class=\"elementor-custom-embed\">\n\t\t\t<iframe loading=\"lazy\"\n\t\t\t\t\tsrc=\"https:\/\/maps.google.com\/maps?q=debrecen%20b%C3%B6sz%C3%B6rm%C3%A9nyi%20%C3%BAt%2068&#038;t=m&#038;z=12&#038;output=embed&#038;iwloc=near\"\n\t\t\t\t\ttitle=\"debrecen b\u00f6sz\u00f6rm\u00e9nyi \u00fat 68\"\n\t\t\t\t\taria-label=\"debrecen b\u00f6sz\u00f6rm\u00e9nyi \u00fat 68\"\n\t\t\t><\/iframe>\n\t\t<\/div>\n\t\t\t\t\t\t<\/div>\n\t\t\t\t<\/div>\n\t\t\t\t\t<\/div>\n\t\t<\/div>\n\t\t\t\t\t<\/div>\n\t\t<\/section>\n\t\t\t\t<\/div>","protected":false},"excerpt":{"rendered":"<p>Impresszum Kapcsolat: Szopk\u00f3 Tibor: +36 70 513 7720\u00fcgyvezet\u0151 Bagi Zsolt: +36 20 802 3131\u00fcgyvezet\u0151 Szegedi L\u00e1szl\u00f3: +36 70 600 9620Microsoft, Google, IT \u00e9rt\u00e9kes\u00edt\u00e9s Erdei Ilona: +36 70 600 9661p\u00e1ly\u00e1zatok Email &#8230;<\/p>","protected":false},"author":1,"featured_media":0,"parent":0,"menu_order":0,"comment_status":"closed","ping_status":"closed","template":"elementor_header_footer","meta":{"_monsterinsights_skip_tracking":false,"_monsterinsights_sitenote_active":false,"_monsterinsights_sitenote_note":"","_monsterinsights_sitenote_category":0,"footnotes":""},"class_list":["post-1569","page","type-page","status-publish","hentry"],"aioseo_notices":[],"rttpg_featured_image_url":null,"rttpg_author":{"display_name":"admin","author_link":"https:\/\/google-workspace.eu\/en\/author\/szegedilaszlo_xhi7nihn\/"},"rttpg_comment":0,"rttpg_category":null,"rttpg_excerpt":"Impresszum Kapcsolat: Szopk\u00f3 Tibor: +36 70 513 7720\u00fcgyvezet\u0151 Bagi Zsolt: +36 20 802 3131\u00fcgyvezet\u0151 Szegedi L\u00e1szl\u00f3: +36 70 600 9620Microsoft, Google, IT \u00e9rt\u00e9kes\u00edt\u00e9s Erdei Ilona: +36 70 600 9661p\u00e1ly\u00e1zatok Email ...","_links":{"self":[{"href":"https:\/\/google-workspace.eu\/en\/wp-json\/wp\/v2\/pages\/1569","targetHints":{"allow":["GET"]}}],"collection":[{"href":"https:\/\/google-workspace.eu\/en\/wp-json\/wp\/v2\/pages"}],"about":[{"href":"https:\/\/google-workspace.eu\/en\/wp-json\/wp\/v2\/types\/page"}],"author":[{"embeddable":true,"href":"https:\/\/google-workspace.eu\/en\/wp-json\/wp\/v2\/users\/1"}],"replies":[{"embeddable":true,"href":"https:\/\/google-workspace.eu\/en\/wp-json\/wp\/v2\/comments?post=1569"}],"version-history":[{"count":17,"href":"https:\/\/google-workspace.eu\/en\/wp-json\/wp\/v2\/pages\/1569\/revisions"}],"predecessor-version":[{"id":2306,"href":"https:\/\/google-workspace.eu\/en\/wp-json\/wp\/v2\/pages\/1569\/revisions\/2306"}],"wp:attachment":[{"href":"https:\/\/google-workspace.eu\/en\/wp-json\/wp\/v2\/media?parent=1569"}],"curies":[{"name":"wp","href":"https:\/\/api.w.org\/{rel}","templated":true}]}}